{"id":1876,"date":"2021-01-08T11:01:36","date_gmt":"2021-01-08T09:01:36","guid":{"rendered":"https:\/\/vorosalma.hu\/angebotsnachfrage\/"},"modified":"2021-08-23T10:15:27","modified_gmt":"2021-08-23T08:15:27","slug":"angebotsnachfrage","status":"publish","type":"page","link":"https:\/\/vorosalma.hu\/de\/angebotsnachfrage\/","title":{"rendered":"Angebotsnachfrage"},"content":{"rendered":"<p>[et_pb_section fb_built=&#8220;1&#8243; fullwidth=&#8220;on&#8220; disabled_on=&#8220;on|off|off&#8220; _builder_version=&#8220;4.6.5&#8243; _module_preset=&#8220;default&#8220; custom_margin_tablet=&#8220;&#8220; custom_margin_phone=&#8220;&#8220; custom_margin_last_edited=&#8220;on|phone&#8220; global_colors_info=&#8220;{}&#8220;][et_pb_fullwidth_image src=&#8220;https:\/\/vorosalma.hu\/wp-content\/uploads\/2020\/10\/vorosalma_ajanlatkeres.jpg&#8220; title_text=&#8220;vorosalma_angebotsnachfrage&#8220; _builder_version=&#8220;4.6.5&#8243; _module_preset=&#8220;default&#8220; global_colors_info=&#8220;{}&#8220;][\/et_pb_fullwidth_image][\/et_pb_section][et_pb_section fb_built=&#8220;1&#8243; _builder_version=&#8220;4.6.5&#8243; _module_preset=&#8220;default&#8220; custom_margin=&#8220;0px||||false|false&#8220; global_colors_info=&#8220;{}&#8220;][et_pb_row _builder_version=&#8220;4.10.3&#8243; _module_preset=&#8220;default&#8220; max_width=&#8220;1920px&#8220; module_alignment=&#8220;center&#8220; hover_enabled=&#8220;0&#8243; global_colors_info=&#8220;{}&#8220; disabled_on=&#8220;on|on|on&#8220; disabled=&#8220;on&#8220; sticky_enabled=&#8220;0&#8243;][et_pb_column type=&#8220;4_4&#8243; _builder_version=&#8220;4.6.5&#8243; _module_preset=&#8220;default&#8220; global_colors_info=&#8220;{}&#8220;][mphb-divi-availability-search form_style=&#8220;horizontal-center&#8220; _builder_version=&#8220;4.6.5&#8243; _module_preset=&#8220;default&#8220; module_font=&#8220;|700|||||||&#8220; background_color=&#8220;#f9f9f9&#8243; text_orientation=&#8220;left&#8220; custom_padding=&#8220;30px|30px|30px|30px|true|true&#8220; _i=&#8220;0&#8243; _address=&#8220;1.0.0.0&#8243; \/][et_pb_text _builder_version=&#8220;4.6.5&#8243; _module_preset=&#8220;default&#8220; global_colors_info=&#8220;{}&#8220;]<\/p>\n<h6 style=\"text-align: center;\">Erm\u00e4\u00dfigung f\u00fcr Kinder bis zum 12 Jahre alt ist 40 %.<\/h6>\n<p>[\/et_pb_text][\/et_pb_column][\/et_pb_row][et_pb_row column_structure=&#8220;1_2,1_2&#8243; use_custom_gutter=&#8220;on&#8220; gutter_width=&#8220;1&#8243; make_equal=&#8220;on&#8220; custom_padding_last_edited=&#8220;on|phone&#8220; _builder_version=&#8220;4.6.5&#8243; _module_preset=&#8220;default&#8220; max_width=&#8220;1920px&#8220; max_width_tablet=&#8220;&#8220; max_width_phone=&#8220;&#8220; max_width_last_edited=&#8220;on|phone&#8220; custom_margin=&#8220;||10px|70px|false|false&#8220; custom_margin_tablet=&#8220;&#8220; custom_margin_phone=&#8220;||||false|false&#8220; custom_margin_last_edited=&#8220;on|phone&#8220; custom_padding=&#8220;50px|30px|50px|30px|true|true&#8220; custom_padding_tablet=&#8220;&#8220; custom_padding_phone=&#8220;||||true|false&#8220; module_alignment_tablet=&#8220;center&#8220; module_alignment_phone=&#8220;center&#8220; module_alignment_last_edited=&#8220;on|tablet&#8220; box_shadow_style=&#8220;preset1&#8243; box_shadow_color=&#8220;rgba(0,0,0,0.25)&#8220; global_colors_info=&#8220;{}&#8220;][et_pb_column type=&#8220;1_2&#8243; _builder_version=&#8220;4.6.5&#8243; _module_preset=&#8220;default&#8220; global_colors_info=&#8220;{}&#8220;][et_pb_gallery gallery_ids=&#8220;1910,1950,1949&#8243; fullwidth=&#8220;on&#8220; _builder_version=&#8220;4.6.5&#8243; _module_preset=&#8220;default&#8220; title_text_color=&#8220;rgba(0,0,0,0)&#8220; global_colors_info=&#8220;{}&#8220;][\/et_pb_gallery][\/et_pb_column][et_pb_column type=&#8220;1_2&#8243; _builder_version=&#8220;4.6.5&#8243; _module_preset=&#8220;default&#8220; global_colors_info=&#8220;{}&#8220;][et_pb_text _builder_version=&#8220;4.6.5&#8243; _module_preset=&#8220;default&#8220; text_font=&#8220;Playfair Display|700|||||||&#8220; text_text_color=&#8220;#000000&#8243; text_font_size=&#8220;31px&#8220; custom_margin=&#8220;10px||-15px||false|false&#8220; custom_margin_tablet=&#8220;10px||-15px||false|false&#8220; custom_margin_phone=&#8220;10px||-15px||false|false&#8220; custom_margin_last_edited=&#8220;on|desktop&#8220; text_font_size_tablet=&#8220;&#8220; text_font_size_phone=&#8220;26px&#8220; text_font_size_last_edited=&#8220;on|phone&#8220; global_colors_info=&#8220;{}&#8220;]<\/p>\n<p style=\"text-align: center;\">Einzelbettzimmer<\/p>\n<p>&nbsp;<\/p>\n<p>[\/et_pb_text][et_pb_divider color=&#8220;#e09900&#8243; divider_style=&#8220;double&#8220; divider_weight=&#8220;1px&#8220; _builder_version=&#8220;4.6.5&#8243; _module_preset=&#8220;default&#8220; width=&#8220;54%&#8220; module_alignment=&#8220;center&#8220; global_colors_info=&#8220;{}&#8220;][\/et_pb_divider][et_pb_text _builder_version=&#8220;4.6.5&#8243; _module_preset=&#8220;default&#8220; text_font=&#8220;DM Serif Display||||||||&#8220; text_text_color=&#8220;#494949&#8243; text_font_size=&#8220;18px&#8220; text_orientation=&#8220;center&#8220; custom_margin=&#8220;||||false|false&#8220; text_font_tablet=&#8220;&#8220; text_font_phone=&#8220;&#8220; text_font_last_edited=&#8220;on|phone&#8220; text_font_size_tablet=&#8220;&#8220; text_font_size_phone=&#8220;17px&#8220; text_font_size_last_edited=&#8220;on|phone&#8220; text_orientation_tablet=&#8220;&#8220; text_orientation_phone=&#8220;center&#8220; text_orientation_last_edited=&#8220;on|phone&#8220; module_alignment_tablet=&#8220;&#8220; module_alignment_phone=&#8220;center&#8220; module_alignment_last_edited=&#8220;on|phone&#8220; global_colors_info=&#8220;{}&#8220;]<\/p>\n<p style=\"text-align: center;\"><strong>&#8211; 2 db St\u00fcck Einzelbett (ausziehbar)<br \/><\/strong><\/p>\n<p style=\"text-align: center;\"><strong>&#8211;\u00a0 Badezimmer mit Duschkabine<\/strong><\/p>\n<p style=\"text-align: center;\"><strong>&#8211;\u00a0 Haartrockner<\/strong><\/p>\n<p style=\"text-align: center;\"><strong>&#8211;\u00a0 Fernseher<br \/><\/strong><\/p>\n<p style=\"text-align: center;\"><strong>&#8211;\u00a0 regelbare Heizung <\/strong><\/p>\n<p style=\"text-align: center;\"><strong>&#8211;\u00a0 Gewehrschrank<\/strong><\/p>\n<p style=\"text-align: center;\"><strong>&#8211;\u00a0 freies Internet<\/strong><\/p>\n<p>[\/et_pb_text][et_pb_text content_tablet=&#8220;&#8220; content_phone=&#8220;<\/p>\n<h2 style=%22text-align: center;%22>Preis (enth\u00e4lt das Fr\u00fchst\u00fcck)<\/h2>\n<h4 style=%22text-align: center;%22>13.500.-Ft\/Person\/Tag<\/h4>\n<p>&#8220; content_last_edited=&#8220;on|phone&#8220; _builder_version=&#8220;4.6.5&#8243; _module_preset=&#8220;default&#8220; custom_margin=&#8220;50px||||false|false&#8220; text_font_size_tablet=&#8220;&#8220; text_font_size_phone=&#8220;14px&#8220; text_font_size_last_edited=&#8220;on|phone&#8220; header_font_size_last_edited=&#8220;off|phone&#8220; header_3_font_tablet=&#8220;&#8220; header_3_font_phone=&#8220;Playfair Display|700|||||||&#8220; header_3_font_last_edited=&#8220;on|phone&#8220; header_3_font_size_tablet=&#8220;&#8220; header_3_font_size_phone=&#8220;20px&#8220; header_3_font_size_last_edited=&#8220;on|phone&#8220; global_colors_info=&#8220;{}&#8220;]<\/p>\n<h3 style=\"text-align: center;\">Preis (enth\u00e4lt das Fr\u00fchst\u00fcck): 13.500.-Ft\/Person\/Tag<\/h3>\n<p>[\/et_pb_text][\/et_pb_column][\/et_pb_row][et_pb_row column_structure=&#8220;1_2,1_2&#8243; use_custom_gutter=&#8220;on&#8220; gutter_width=&#8220;1&#8243; make_equal=&#8220;on&#8220; custom_padding_last_edited=&#8220;on|phone&#8220; disabled_on=&#8220;on|on|off&#8220; _builder_version=&#8220;4.6.5&#8243; _module_preset=&#8220;default&#8220; background_color=&#8220;#fcfcfc&#8220; max_width=&#8220;1920px&#8220; custom_margin=&#8220;|70px|10px||false|false&#8220; custom_margin_tablet=&#8220;&#8220; custom_margin_phone=&#8220;0px|auto|10px|auto|false|false&#8220; custom_margin_last_edited=&#8220;on|desktop&#8220; custom_padding=&#8220;50px|30px|50px|30px|true|true&#8220; custom_padding_tablet=&#8220;&#8220; custom_padding_phone=&#8220;20px|20px|20px|20px|true|true&#8220; box_shadow_style=&#8220;preset1&#8243; box_shadow_color=&#8220;rgba(0,0,0,0.25)&#8220; locked=&#8220;off&#8220; global_colors_info=&#8220;{}&#8220;][et_pb_column type=&#8220;1_2&#8243; _builder_version=&#8220;4.6.5&#8243; _module_preset=&#8220;default&#8220; global_colors_info=&#8220;{}&#8220;][et_pb_text _builder_version=&#8220;4.6.5&#8243; _module_preset=&#8220;default&#8220; text_font=&#8220;Playfair Display|700|||||||&#8220; text_text_color=&#8220;#000000&#8243; text_font_size=&#8220;31px&#8220; locked=&#8220;off&#8220; global_colors_info=&#8220;{}&#8220;]<\/p>\n<p style=\"text-align: center;\">Doppelbettzimmer<\/p>\n<p>&nbsp;<\/p>\n<p>[\/et_pb_text][et_pb_divider color=&#8220;#50a51c&#8220; divider_style=&#8220;double&#8220; divider_weight=&#8220;1px&#8220; _builder_version=&#8220;4.6.5&#8243; _module_preset=&#8220;default&#8220; width=&#8220;54%&#8220; module_alignment=&#8220;center&#8220; locked=&#8220;off&#8220; global_colors_info=&#8220;{}&#8220;][\/et_pb_divider][et_pb_text _builder_version=&#8220;4.6.5&#8243; _module_preset=&#8220;default&#8220; text_font=&#8220;DM Serif Display||||||||&#8220; text_text_color=&#8220;#494949&#8243; text_font_size=&#8220;18px&#8220; locked=&#8220;off&#8220; global_colors_info=&#8220;{}&#8220;]<\/p>\n<p style=\"text-align: center;\"><strong>\u2013 4 db Doppelbettzimmer<\/strong><\/p>\n<p style=\"text-align: center;\"><strong>\u2013 2 db St\u00fcck Einzelbett (ausziehbar)<br \/><\/strong><\/p>\n<p style=\"text-align: center;\"><strong>\u2013\u00a0 Badezimmer mit Duschkabine<\/strong><\/p>\n<p style=\"text-align: center;\"><strong>\u2013\u00a0 Haartrockner<\/strong><\/p>\n<p style=\"text-align: center;\"><strong>\u2013\u00a0 Fernseher<br \/><\/strong><\/p>\n<p style=\"text-align: center;\"><strong>\u2013\u00a0 regelbare Heizung<\/strong><\/p>\n<p style=\"text-align: center;\"><strong>\u2013\u00a0 Gewehrschrank<\/strong><\/p>\n<p style=\"text-align: center;\"><strong>\u2013\u00a0 freies Internet<\/strong><\/p>\n<p>[\/et_pb_text][et_pb_text _builder_version=&#8220;4.6.5&#8243; _module_preset=&#8220;default&#8220; custom_margin=&#8220;50px||||false|false&#8220; locked=&#8220;off&#8220; global_colors_info=&#8220;{}&#8220;]<\/p>\n<h3 style=\"text-align: center;\">Preis (enth\u00e4lt das Fr\u00fchst\u00fcck): 27.000.-Ft\/2 Personen\/Tag<\/h3>\n<p>[\/et_pb_text][\/et_pb_column][et_pb_column type=&#8220;1_2&#8243; _builder_version=&#8220;4.6.5&#8243; _module_preset=&#8220;default&#8220; global_colors_info=&#8220;{}&#8220;][et_pb_gallery gallery_ids=&#8220;1975,1978,1976&#8243; fullwidth=&#8220;on&#8220; _builder_version=&#8220;4.6.5&#8243; _module_preset=&#8220;default&#8220; title_text_color=&#8220;rgba(0,0,0,0)&#8220; global_colors_info=&#8220;{}&#8220;][\/et_pb_gallery][\/et_pb_column][\/et_pb_row][et_pb_row column_structure=&#8220;1_2,1_2&#8243; use_custom_gutter=&#8220;on&#8220; gutter_width=&#8220;1&#8243; make_equal=&#8220;on&#8220; custom_padding_last_edited=&#8220;on|phone&#8220; disabled_on=&#8220;off|off|on&#8220; _builder_version=&#8220;4.6.5&#8243; _module_preset=&#8220;default&#8220; max_width=&#8220;1920px&#8220; custom_margin=&#8220;||10px|70px|false|false&#8220; custom_margin_tablet=&#8220;&#8220; custom_margin_phone=&#8220;0px|auto|10px|auto|false|false&#8220; custom_margin_last_edited=&#8220;on|phone&#8220; custom_padding=&#8220;50px|30px|50px|30px|true|true&#8220; custom_padding_tablet=&#8220;&#8220; custom_padding_phone=&#8220;20px|20px|20px|20px|true|true&#8220; box_shadow_style=&#8220;preset1&#8243; box_shadow_color=&#8220;rgba(0,0,0,0.25)&#8220; locked=&#8220;off&#8220; global_colors_info=&#8220;{}&#8220;][et_pb_column type=&#8220;1_2&#8243; _builder_version=&#8220;4.6.5&#8243; _module_preset=&#8220;default&#8220; global_colors_info=&#8220;{}&#8220;][et_pb_gallery gallery_ids=&#8220;1975,1978,1976&#8243; fullwidth=&#8220;on&#8220; _builder_version=&#8220;4.6.5&#8243; _module_preset=&#8220;default&#8220; title_text_color=&#8220;rgba(0,0,0,0)&#8220; global_colors_info=&#8220;{}&#8220;][\/et_pb_gallery][\/et_pb_column][et_pb_column type=&#8220;1_2&#8243; _builder_version=&#8220;4.6.5&#8243; _module_preset=&#8220;default&#8220; global_colors_info=&#8220;{}&#8220;][et_pb_text _builder_version=&#8220;4.6.5&#8243; _module_preset=&#8220;default&#8220; text_font=&#8220;Playfair Display|700|||||||&#8220; text_text_color=&#8220;#000000&#8243; text_font_size=&#8220;31px&#8220; custom_margin=&#8220;10px||-15px||false|false&#8220; custom_margin_tablet=&#8220;10px||-15px||false|false&#8220; custom_margin_phone=&#8220;10px||-15px||false|false&#8220; custom_margin_last_edited=&#8220;on|desktop&#8220; text_font_size_tablet=&#8220;&#8220; text_font_size_phone=&#8220;26px&#8220; text_font_size_last_edited=&#8220;on|phone&#8220; locked=&#8220;off&#8220; global_colors_info=&#8220;{}&#8220;]<\/p>\n<p style=\"text-align: center;\">Doppelbettzimmer<\/p>\n<p>&nbsp;<\/p>\n<p>[\/et_pb_text][et_pb_divider color=&#8220;#50a51c&#8220; divider_style=&#8220;double&#8220; divider_weight=&#8220;1px&#8220; _builder_version=&#8220;4.6.5&#8243; _module_preset=&#8220;default&#8220; width=&#8220;54%&#8220; module_alignment=&#8220;center&#8220; locked=&#8220;off&#8220; global_colors_info=&#8220;{}&#8220;][\/et_pb_divider][et_pb_text content_tablet=&#8220;<\/p>\n<p style=%22text-align: center;%22><strong>&#8211; 4 Doppelbettzimmer<\/strong> (egy p\u00f3t\u00e1gyazhat\u00f3)<\/p>\n<p style=%22text-align: center;%22><strong>&#8211; 2 St\u00fcck Einzelbett (ausziehbar)<\/strong><\/p>\n<p style=%22text-align: center;%22><strong>&#8211; Badezimmer mit Duschkabine<\/strong><\/p>\n<p style=%22text-align: center;%22><strong>&#8211; Haartrockner<\/strong><\/p>\n<p style=%22text-align: center;%22><strong>&#8211; Fernseher<\/strong><\/p>\n<p style=%22text-align: center;%22><strong>&#8211; regelbare Heizung<\/strong><\/p>\n<p style=%22text-align: center;%22><strong>&#8211; Gewehrschrank<\/strong><\/p>\n<p>&#8220; content_phone=&#8220;<\/p>\n<p style=%22text-align: center;%22><strong>&#8211; 4 Doppelbettzimmer<\/strong> (egy p\u00f3t\u00e1gyazhat\u00f3)<\/p>\n<p style=%22text-align: center;%22><strong>&#8211; 2 St\u00fcck Einzelbett (ausziehbar)<\/strong><\/p>\n<p style=%22text-align: center;%22><strong>&#8211; Badezimmer mit Duschkabine<\/strong><\/p>\n<p style=%22text-align: center;%22><strong>&#8211; Haartrockner<\/strong><\/p>\n<p style=%22text-align: center;%22><strong>&#8211; Fernseher<\/strong><\/p>\n<p style=%22text-align: center;%22><strong>&#8211; regelbare Heizung<\/strong><\/p>\n<p style=%22text-align: center;%22><strong>&#8211; Gewehrschrank<\/strong><\/p>\n<p>&#8220; content_last_edited=&#8220;on|phone&#8220; _builder_version=&#8220;4.6.5&#8243; _module_preset=&#8220;default&#8220; text_font=&#8220;DM Serif Display||||||||&#8220; text_text_color=&#8220;#494949&#8243; text_font_size=&#8220;18px&#8220; text_font_size_tablet=&#8220;&#8220; text_font_size_phone=&#8220;17px&#8220; text_font_size_last_edited=&#8220;on|phone&#8220; locked=&#8220;off&#8220; global_colors_info=&#8220;{}&#8220;]<\/p>\n<p style=\"text-align: center;\"><strong>\u2013 4 db Doppelbettzimmer<\/strong><\/p>\n<p style=\"text-align: center;\"><strong>\u2013 2 db St\u00fcck Einzelbett (ausziehbar)<br \/><\/strong><\/p>\n<p style=\"text-align: center;\"><strong>\u2013\u00a0 Badezimmer mit Duschkabine<\/strong><\/p>\n<p style=\"text-align: center;\"><strong>\u2013\u00a0 Haartrockner<\/strong><\/p>\n<p style=\"text-align: center;\"><strong>\u2013\u00a0 Fernseher<br \/><\/strong><\/p>\n<p style=\"text-align: center;\"><strong>\u2013\u00a0 regelbare Heizung<\/strong><\/p>\n<p style=\"text-align: center;\"><strong>\u2013\u00a0 Gewehrschrank<\/strong><\/p>\n<p style=\"text-align: center;\"><strong>\u2013\u00a0 freies Internet<\/strong><\/p>\n<p>[\/et_pb_text][et_pb_text content_tablet=&#8220;<\/p>\n<h3 style=%22text-align: center;%22>Preis (enth\u00e4lt das Fr\u00fchst\u00fcck ): 27.000.-Ft\/2 Personen\/Tag<\/h3>\n<p>&#8220; content_phone=&#8220;<\/p>\n<h3 style=%22text-align: center;%22>Preis (enth\u00e4lt das Fr\u00fchst\u00fcck)<\/h3>\n<h4 style=%22text-align: center;%22>27.000.-Ft\/2 Personen\/Tag<\/h4>\n<p>&#8220; content_last_edited=&#8220;on|phone&#8220; _builder_version=&#8220;4.6.5&#8243; _module_preset=&#8220;default&#8220; custom_margin=&#8220;50px||||false|false&#8220; text_font_size_tablet=&#8220;&#8220; text_font_size_phone=&#8220;14px&#8220; text_font_size_last_edited=&#8220;on|phone&#8220; header_3_font_size_tablet=&#8220;&#8220; header_3_font_size_phone=&#8220;20px&#8220; header_3_font_size_last_edited=&#8220;on|phone&#8220; locked=&#8220;off&#8220; global_colors_info=&#8220;{}&#8220;]<\/p>\n<h3 style=\"text-align: center;\">Preis (enth\u00e4lt das Fr\u00fchst\u00fcck): 27.000.-Ft\/2 Personen\/Tag<\/h3>\n<p>[\/et_pb_text][\/et_pb_column][\/et_pb_row][et_pb_row column_structure=&#8220;1_2,1_2&#8243; use_custom_gutter=&#8220;on&#8220; gutter_width=&#8220;1&#8243; make_equal=&#8220;on&#8220; custom_padding_last_edited=&#8220;on|phone&#8220; _builder_version=&#8220;4.6.5&#8243; _module_preset=&#8220;default&#8220; background_enable_color=&#8220;off&#8220; max_width=&#8220;1920px&#8220; custom_margin=&#8220;||10px|70px|false|false&#8220; custom_margin_tablet=&#8220;&#8220; custom_margin_phone=&#8220;0px|auto|10px|auto|false|false&#8220; custom_margin_last_edited=&#8220;on|phone&#8220; custom_padding=&#8220;50px|30px|50px|30px|true|true&#8220; custom_padding_tablet=&#8220;&#8220; custom_padding_phone=&#8220;20px|20px|20px|20px|true|true&#8220; box_shadow_style=&#8220;preset1&#8243; box_shadow_color=&#8220;rgba(0,0,0,0.25)&#8220; locked=&#8220;off&#8220; global_colors_info=&#8220;{}&#8220;][et_pb_column type=&#8220;1_2&#8243; _builder_version=&#8220;4.6.5&#8243; _module_preset=&#8220;default&#8220; global_colors_info=&#8220;{}&#8220;][et_pb_gallery gallery_ids=&#8220;1948,1969&#8243; fullwidth=&#8220;on&#8220; _builder_version=&#8220;4.6.5&#8243; _module_preset=&#8220;default&#8220; title_text_color=&#8220;rgba(0,0,0,0)&#8220; global_colors_info=&#8220;{}&#8220;][\/et_pb_gallery][\/et_pb_column][et_pb_column type=&#8220;1_2&#8243; _builder_version=&#8220;4.6.5&#8243; _module_preset=&#8220;default&#8220; global_colors_info=&#8220;{}&#8220;][et_pb_text _builder_version=&#8220;4.6.5&#8243; _module_preset=&#8220;default&#8220; text_font=&#8220;Playfair Display|700|||||||&#8220; text_text_color=&#8220;#000000&#8243; text_font_size=&#8220;31px&#8220; custom_margin=&#8220;10px||-15px||false|false&#8220; custom_margin_tablet=&#8220;10px||-15px||false|false&#8220; custom_margin_phone=&#8220;10px||-15px||false|false&#8220; custom_margin_last_edited=&#8220;on|desktop&#8220; text_font_size_tablet=&#8220;&#8220; text_font_size_phone=&#8220;26px&#8220; text_font_size_last_edited=&#8220;on|phone&#8220; locked=&#8220;off&#8220; global_colors_info=&#8220;{}&#8220;]<\/p>\n<p style=\"text-align: center;\">Holzhaus<\/p>\n<p>&nbsp;<\/p>\n<p>[\/et_pb_text][et_pb_divider color=&#8220;#d63500&#8243; divider_style=&#8220;double&#8220; divider_weight=&#8220;1px&#8220; _builder_version=&#8220;4.6.5&#8243; _module_preset=&#8220;default&#8220; width=&#8220;54%&#8220; module_alignment=&#8220;center&#8220; locked=&#8220;off&#8220; global_colors_info=&#8220;{}&#8220;][\/et_pb_divider][et_pb_text content_tablet=&#8220;&#8220; content_phone=&#8220;&#8220; content_last_edited=&#8220;on|phone&#8220; _builder_version=&#8220;4.6.5&#8243; _module_preset=&#8220;default&#8220; text_font=&#8220;DM Serif Display||||||||&#8220; text_text_color=&#8220;#494949&#8243; text_font_size=&#8220;18px&#8220; locked=&#8220;off&#8220; global_colors_info=&#8220;{}&#8220;]<\/p>\n<p style=\"text-align: center;\"><strong>\u2013 2 db St\u00fcck Einzelbett (ausziehbar)<br \/><\/strong><\/p>\n<p style=\"text-align: center;\"><strong>\u2013\u00a0 Badezimmer mit Duschkabine<\/strong><\/p>\n<p style=\"text-align: center;\"><strong>\u2013\u00a0 Haartrockner<\/strong><\/p>\n<p style=\"text-align: center;\"><strong>\u2013\u00a0 Fernseher<br \/><\/strong><\/p>\n<p style=\"text-align: center;\"><strong>\u2013\u00a0 regelbare Heizung<\/strong><\/p>\n<p style=\"text-align: center;\"><strong>\u2013\u00a0 Gewehrschrank<\/strong><\/p>\n<p style=\"text-align: center;\"><strong>\u2013\u00a0 freies Internet<\/strong><\/p>\n<p>[\/et_pb_text][et_pb_text content_tablet=&#8220;&#8220; content_phone=&#8220;<\/p>\n<h3 style=%22text-align: center;%22>Preis (enth\u00e4lt das Fr\u00fchst\u00fcck)<\/h3>\n<h4 style=%22text-align: center;%22>27.000.-Ft\/2 Personen\/Tag<\/h4>\n<p>&#8220; content_last_edited=&#8220;on|phone&#8220; _builder_version=&#8220;4.9.0&#8243; _module_preset=&#8220;default&#8220; custom_margin=&#8220;50px||||false|false&#8220; text_font_size_tablet=&#8220;&#8220; text_font_size_phone=&#8220;14px&#8220; text_font_size_last_edited=&#8220;on|phone&#8220; header_3_font_size_tablet=&#8220;&#8220; header_3_font_size_phone=&#8220;20px&#8220; header_3_font_size_last_edited=&#8220;on|phone&#8220; locked=&#8220;off&#8220; global_colors_info=&#8220;{}&#8220;]<\/p>\n<h3 style=\"text-align: center;\">Preis (enth\u00e4lt das Fr\u00fchst\u00fcck): 50.000-Ft\/tag\/\u00a0 3 Personen<\/h3>\n<p>[\/et_pb_text][\/et_pb_column][\/et_pb_row][\/et_pb_section]<\/p>\n","protected":false},"excerpt":{"rendered":"<p>[mphb-divi-availability-search form_style=&#8220;horizontal-center&#8220; _builder_version=&#8220;4.6.5&#8243; _module_preset=&#8220;default&#8220; module_font=&#8220;|700|||||||&#8220; background_color=&#8220;#f9f9f9&#8243; text_orientation=&#8220;left&#8220; custom_padding=&#8220;30px|30px|30px|30px|true|true&#8220; _i=&#8220;0&#8243; _address=&#8220;1.0.0.0&#8243; \/]Erm\u00e4\u00dfigung f\u00fcr Kinder bis zum 12 Jahre alt ist 40 %.Einzelbettzimmer &nbsp;&#8211; 2 db St\u00fcck Einzelbett (ausziehbar) &#8211;\u00a0 Badezimmer mit Duschkabine &#8211;\u00a0 Haartrockner &#8211;\u00a0 Fernseher &#8211;\u00a0 regelbare Heizung &#8211;\u00a0 Gewehrschrank &#8211;\u00a0 freies InternetPreis (enth\u00e4lt das Fr\u00fchst\u00fcck): 13.500.-Ft\/Person\/TagDoppelbettzimmer &nbsp;\u2013 4 db Doppelbettzimmer \u2013 2 db St\u00fcck [&hellip;]<\/p>\n","protected":false},"author":3,"featured_media":0,"parent":0,"menu_order":0,"comment_status":"closed","ping_status":"closed","template":"","meta":{"_et_pb_use_builder":"on","_et_pb_old_content":"","_et_gb_content_width":"","_monsterinsights_skip_tracking":false,"_monsterinsights_sitenote_active":false,"_monsterinsights_sitenote_note":"","_monsterinsights_sitenote_category":0,"footnotes":""},"class_list":["post-1876","page","type-page","status-publish","hentry"],"_links":{"self":[{"href":"https:\/\/vorosalma.hu\/de\/wp-json\/wp\/v2\/pages\/1876","targetHints":{"allow":["GET"]}}],"collection":[{"href":"https:\/\/vorosalma.hu\/de\/wp-json\/wp\/v2\/pages"}],"about":[{"href":"https:\/\/vorosalma.hu\/de\/wp-json\/wp\/v2\/types\/page"}],"author":[{"embeddable":true,"href":"https:\/\/vorosalma.hu\/de\/wp-json\/wp\/v2\/users\/3"}],"replies":[{"embeddable":true,"href":"https:\/\/vorosalma.hu\/de\/wp-json\/wp\/v2\/comments?post=1876"}],"version-history":[{"count":7,"href":"https:\/\/vorosalma.hu\/de\/wp-json\/wp\/v2\/pages\/1876\/revisions"}],"predecessor-version":[{"id":2652,"href":"https:\/\/vorosalma.hu\/de\/wp-json\/wp\/v2\/pages\/1876\/revisions\/2652"}],"wp:attachment":[{"href":"https:\/\/vorosalma.hu\/de\/wp-json\/wp\/v2\/media?parent=1876"}],"curies":[{"name":"wp","href":"https:\/\/api.w.org\/{rel}","templated":true}]}}